{"id":203,"date":"2018-01-13T08:00:02","date_gmt":"2018-01-13T07:00:02","guid":{"rendered":"http:\/\/www.centrohipicodelcastillo.com\/inicio\/"},"modified":"2019-06-24T22:42:14","modified_gmt":"2019-06-24T21:42:14","slug":"home","status":"publish","type":"page","link":"https:\/\/centrohipicodelcastillo.com\/inicio\/","title":{"rendered":"Inicio"},"content":{"rendered":"<h1 style=\"text-align: center;\"><strong>Un lugar ideal para practicar la Equitaci\u00f3n, apto para todas las edades<\/strong><\/h1>\n<h4 style=\"text-align: center;\">Ubicado en el municipio de Tacoronte, concretamente en el Barranco Las Lajas y a 5 minutos del Monte de La Esperanza, el <strong>Centro H\u00edpico del Castillo<\/strong> se convierte en un lugar inmejorable para la pr\u00e1ctica de la <strong>equitaci\u00f3n en pista<\/strong> o en <strong>disciplinas como el Raid<\/strong>... o para dar <strong>largos paseos<\/strong> por las m\u00faltiples pistas naturales que el campo nos ofrece.<\/h4>\n<h4 style=\"text-align: center;\">Muchas sonrisas y <strong>mas de 20 a\u00f1os de experiencia<\/strong> avalan al Centro H\u00edpico del Castillo. La pasi\u00f3n por estos animales y las buenas relaciones con los clientes, constituyen el motor que renueva nuestras energ\u00edas cada d\u00eda, para poder seguir ofreciendo a todos nuestros amigos (tanto humanos como equinos) el buen servicio que nos caracteriza.<\/h4>\n<h1 style=\"text-align: center;\"><strong>\u00a1No te lo pienses mas y ven a visitarnos!<\/strong><\/h1>\n<div class=\"content_box  \">\n<h1 style=\"text-align: center;\"><span style=\"color: #ffffff;\"><strong>Nuestros servicios<\/strong><\/span><\/h1>\n<ul class=\"posts-grid row-fluid unstyled services ul-item-0\"><li class=\"span2 list-item-1\"><figure class=\"featured-thumbnail thumbnail\"><a href=\"https:\/\/centrohipicodelcastillo.com\/inicio\/services-view\/cuadras_para_pension\/\" title=\"Cuadras para pensi\u00f3n\"><img decoding=\"async\" src=\"https:\/\/i0.wp.com\/centrohipicodelcastillo.com\/inicio\/wp-content\/uploads\/2017\/06\/IMG_3961.png?fit=567%2C425&ssl=1\" alt=\"Cuadras para pensi\u00f3n\" \/><\/a><\/figure><div class=\"clear\"><\/div><h5><a href=\"https:\/\/centrohipicodelcastillo.com\/inicio\/services-view\/cuadras_para_pension\/\" title=\"Cuadras para pensi\u00f3n\">Cuadras para pensi\u00f3n<\/a><\/h5><\/li><li class=\"span2 list-item-2\"><figure class=\"featured-thumbnail thumbnail\"><a href=\"https:\/\/centrohipicodelcastillo.com\/inicio\/services-view\/transportes\/\" title=\"Transportes de caballos\"><img decoding=\"async\"  src=\"https:\/\/i0.wp.com\/centrohipicodelcastillo.com\/inicio\/wp-content\/uploads\/2018\/01\/IMG_4416.jpg?fit=1000%2C750&ssl=1\" alt=\"Transportes de caballos\" \/><\/a><\/figure><figure class=\"featured-thumbnail thumbnail\" style=\"display:none;\"><a href=\"https:\/\/centrohipicodelcastillo.com\/inicio\/services-view\/transportes\/\" title=\"Transportes de caballos\"><\/a><\/figure><figure class=\"featured-thumbnail thumbnail\" style=\"display:none;\"><a href=\"https:\/\/centrohipicodelcastillo.com\/inicio\/services-view\/transportes\/\" title=\"Transportes de caballos\"><\/a><\/figure><div class=\"clear\"><\/div><h5><a href=\"https:\/\/centrohipicodelcastillo.com\/inicio\/services-view\/transportes\/\" title=\"Transportes de caballos\">Transportes de caballos<\/a><\/h5><\/li><li class=\"span2 list-item-3\"><figure class=\"featured-thumbnail thumbnail\"><a href=\"https:\/\/centrohipicodelcastillo.com\/inicio\/services-view\/campamentos_y_colegios\/\" title=\"Campamentos y Colegios\"><img decoding=\"async\" src=\"https:\/\/i0.wp.com\/centrohipicodelcastillo.com\/inicio\/wp-content\/uploads\/2018\/01\/20160505_115932.jpg?fit=2560%2C1536&ssl=1\" alt=\"Campamentos y Colegios\" \/><\/a><\/figure><figure class=\"featured-thumbnail thumbnail\" style=\"display:none;\"><a href=\"https:\/\/centrohipicodelcastillo.com\/inicio\/services-view\/campamentos_y_colegios\/\" title=\"Campamentos y Colegios\"><\/a><\/figure><figure class=\"featured-thumbnail thumbnail\" style=\"display:none;\"><a href=\"https:\/\/centrohipicodelcastillo.com\/inicio\/services-view\/campamentos_y_colegios\/\" title=\"Campamentos y Colegios\"><\/a><\/figure><figure class=\"featured-thumbnail thumbnail\" style=\"display:none;\"><a href=\"https:\/\/centrohipicodelcastillo.com\/inicio\/services-view\/campamentos_y_colegios\/\" title=\"Campamentos y Colegios\"><\/a><\/figure><figure class=\"featured-thumbnail thumbnail\" style=\"display:none;\"><a href=\"https:\/\/centrohipicodelcastillo.com\/inicio\/services-view\/campamentos_y_colegios\/\" title=\"Campamentos y Colegios\"><\/a><\/figure><figure class=\"featured-thumbnail thumbnail\" style=\"display:none;\"><a href=\"https:\/\/centrohipicodelcastillo.com\/inicio\/services-view\/campamentos_y_colegios\/\" title=\"Campamentos y Colegios\"><\/a><\/figure><div class=\"clear\"><\/div><h5><a href=\"https:\/\/centrohipicodelcastillo.com\/inicio\/services-view\/campamentos_y_colegios\/\" title=\"Campamentos y Colegios\">Campamentos y Colegios<\/a><\/h5><\/li><li class=\"span2 list-item-4\"><figure class=\"featured-thumbnail thumbnail\"><a href=\"https:\/\/centrohipicodelcastillo.com\/inicio\/services-view\/eventos_y_bodas\/\" title=\"Eventos \/ Bodas\"><img decoding=\"async\" src=\"https:\/\/i0.wp.com\/centrohipicodelcastillo.com\/inicio\/wp-content\/uploads\/2018\/01\/IMGP2235.jpg?fit=1000%2C1379&ssl=1\" alt=\"Eventos \/ Bodas\" \/><\/a><\/figure><figure class=\"featured-thumbnail thumbnail\" style=\"display:none;\"><a href=\"https:\/\/centrohipicodelcastillo.com\/inicio\/services-view\/eventos_y_bodas\/\" title=\"Eventos \/ Bodas\"><\/a><\/figure><figure class=\"featured-thumbnail thumbnail\" style=\"display:none;\"><a href=\"https:\/\/centrohipicodelcastillo.com\/inicio\/services-view\/eventos_y_bodas\/\" title=\"Eventos \/ Bodas\"><\/a><\/figure><figure class=\"featured-thumbnail thumbnail\" style=\"display:none;\"><a href=\"https:\/\/centrohipicodelcastillo.com\/inicio\/services-view\/eventos_y_bodas\/\" title=\"Eventos \/ Bodas\"><\/a><\/figure><figure class=\"featured-thumbnail thumbnail\" style=\"display:none;\"><a href=\"https:\/\/centrohipicodelcastillo.com\/inicio\/services-view\/eventos_y_bodas\/\" title=\"Eventos \/ Bodas\"><\/a><\/figure><figure class=\"featured-thumbnail thumbnail\" style=\"display:none;\"><a href=\"https:\/\/centrohipicodelcastillo.com\/inicio\/services-view\/eventos_y_bodas\/\" title=\"Eventos \/ Bodas\"><\/a><\/figure><figure class=\"featured-thumbnail thumbnail\" style=\"display:none;\"><a href=\"https:\/\/centrohipicodelcastillo.com\/inicio\/services-view\/eventos_y_bodas\/\" title=\"Eventos \/ Bodas\"><\/a><\/figure><figure class=\"featured-thumbnail thumbnail\" style=\"display:none;\"><a href=\"https:\/\/centrohipicodelcastillo.com\/inicio\/services-view\/eventos_y_bodas\/\" title=\"Eventos \/ Bodas\"><\/a><\/figure><figure class=\"featured-thumbnail thumbnail\" style=\"display:none;\"><a href=\"https:\/\/centrohipicodelcastillo.com\/inicio\/services-view\/eventos_y_bodas\/\" title=\"Eventos \/ Bodas\"><\/a><\/figure><figure class=\"featured-thumbnail thumbnail\" style=\"display:none;\"><a href=\"https:\/\/centrohipicodelcastillo.com\/inicio\/services-view\/eventos_y_bodas\/\" title=\"Eventos \/ Bodas\"><\/a><\/figure><div class=\"clear\"><\/div><h5><a href=\"https:\/\/centrohipicodelcastillo.com\/inicio\/services-view\/eventos_y_bodas\/\" title=\"Eventos \/ Bodas\">Eventos \/ Bodas<\/a><\/h5><\/li><li class=\"span2 list-item-5\"><figure class=\"featured-thumbnail thumbnail\"><a href=\"https:\/\/centrohipicodelcastillo.com\/inicio\/services-view\/alquiler-caballos-paseos\/\" title=\"Alquiler de caballos para paseos\"><img decoding=\"async\" src=\"https:\/\/i0.wp.com\/centrohipicodelcastillo.com\/inicio\/wp-content\/uploads\/2018\/01\/12507250_890470514385440_3561964515291865449_n.jpg?fit=520%2C945&ssl=1\" alt=\"Alquiler de caballos para paseos\" \/><\/a><\/figure><div class=\"clear\"><\/div><h5><a href=\"https:\/\/centrohipicodelcastillo.com\/inicio\/services-view\/alquiler-caballos-paseos\/\" title=\"Alquiler de caballos para paseos\">Alquiler de caballos para paseos<\/a><\/h5><\/li><li class=\"span2 list-item-6\"><figure class=\"featured-thumbnail thumbnail\"><a href=\"https:\/\/centrohipicodelcastillo.com\/inicio\/services-view\/nuestros_productos\/\" title=\"Venta de productos\"><img decoding=\"async\"  src=\"https:\/\/i0.wp.com\/centrohipicodelcastillo.com\/inicio\/wp-content\/uploads\/2011\/07\/DSCN1854.jpg?fit=2272%2C1704&ssl=1\" alt=\"Venta de productos\" \/><\/a><\/figure><figure class=\"featured-thumbnail thumbnail\" style=\"display:none;\"><a href=\"https:\/\/centrohipicodelcastillo.com\/inicio\/services-view\/nuestros_productos\/\" title=\"Venta de productos\"><\/a><\/figure><figure class=\"featured-thumbnail thumbnail\" style=\"display:none;\"><a href=\"https:\/\/centrohipicodelcastillo.com\/inicio\/services-view\/nuestros_productos\/\" title=\"Venta de productos\"><\/a><\/figure><div class=\"clear\"><\/div><h5><a href=\"https:\/\/centrohipicodelcastillo.com\/inicio\/services-view\/nuestros_productos\/\" title=\"Venta de productos\">Venta de productos<\/a><\/h5><\/li><\/ul><!-- .posts-grid (end) -->\n<div class=\"clear\"><\/div><\/div><!-- .content_box (end) -->\n<h1 style=\"text-align: center;\"><strong>\u00daltimas noticias<\/strong><\/h1>\n<h4 style=\"text-align: center;\"><strong>Desde aqu\u00ed podr\u00e1s estar enterado de lo \u00faltimo que se genera en el Centro H\u00edpico del Castillo y en el mundo de la H\u00edpica<\/strong><\/h4>\n<ul class=\"posts-grid row-fluid unstyled  ul-item-0\"><li class=\"span3 list-item-1\"><div class=\"clear\"><\/div><div class=\"post_meta\"><span class=\"post_date\"><time datetime=\"2018-12-20T00:02:17\">20\/ 12<\/time><\/span><\/div><h5><a href=\"https:\/\/centrohipicodelcastillo.com\/inicio\/bonos-centro-hipico-del-castillo\/precios-especiales-para-los-mas-peques-de-la-casa-por-navidad\/\" title=\"Precios especiales para los m\u00e1s peques de la casa por Navidad\">Precios especiales para los m\u00e1s peques de la casa por Navidad<\/a><\/h5><\/li><li class=\"span3 list-item-2\"><div class=\"clear\"><\/div><div class=\"post_meta\"><span class=\"post_date\"><time datetime=\"2018-01-22T19:25:36\">22\/ 01<\/time><\/span><\/div><h5><a href=\"https:\/\/centrohipicodelcastillo.com\/inicio\/bonos-centro-hipico-del-castillo\/2206\/\" title=\"En #SanValentin regala #PaseosACaballo por el monte de La Esperanza, Tenerife\">En #SanValentin regala #PaseosACaballo por el monte de La Esperanza, Tenerife<\/a><\/h5><\/li><li class=\"span3 list-item-3\"><figure class=\"featured-thumbnail thumbnail\"><a href=\"https:\/\/i0.wp.com\/centrohipicodelcastillo.com\/inicio\/wp-content\/uploads\/2018\/01\/IMG-20160329-WA0004.jpg?fit=1600%2C1195&ssl=1\" title=\"Bonos para Paseos a Caballo por el monte de La Esperanza\" rel=\"prettyPhoto-656946594\"><img decoding=\"async\"  src=\"https:\/\/i0.wp.com\/centrohipicodelcastillo.com\/inicio\/wp-content\/uploads\/2018\/01\/IMG-20160329-WA0004.jpg?fit=1600%2C1195&ssl=1\" alt=\"Bonos para Paseos a Caballo por el monte de La Esperanza\" \/><span class=\"zoom-icon\"><\/span><\/a><\/figure><div class=\"clear\"><\/div><div class=\"post_meta\"><span class=\"post_date\"><time datetime=\"2017-12-24T20:31:03\">24\/ 12<\/time><\/span><\/div><h5><a href=\"https:\/\/centrohipicodelcastillo.com\/inicio\/bonos-centro-hipico-del-castillo\/bonos\/\" title=\"Bonos para Paseos a Caballo por el monte de La Esperanza\">Bonos para Paseos a Caballo por el monte de La Esperanza<\/a><\/h5><\/li><li class=\"span3 list-item-4\"><figure class=\"featured-thumbnail thumbnail\"><a href=\"https:\/\/i0.wp.com\/centrohipicodelcastillo.com\/inicio\/wp-content\/uploads\/2018\/01\/11390150_763632343763534_6448957115806118349_n.jpg?fit=1181%2C664&ssl=1\" title=\"Bonos para Clases de Equitaci\u00f3n Nivel Iniciaci\u00f3n para todas las edades\" rel=\"prettyPhoto-656946594\"><img decoding=\"async\"  src=\"https:\/\/i0.wp.com\/centrohipicodelcastillo.com\/inicio\/wp-content\/uploads\/2018\/01\/11390150_763632343763534_6448957115806118349_n.jpg?fit=1181%2C664&ssl=1\" alt=\"Bonos para Clases de Equitaci\u00f3n Nivel Iniciaci\u00f3n para todas las edades\" \/><span class=\"zoom-icon\"><\/span><\/a><\/figure><div class=\"clear\"><\/div><div class=\"post_meta\"><span class=\"post_date\"><time datetime=\"2017-12-22T19:36:37\">22\/ 12<\/time><\/span><\/div><h5><a href=\"https:\/\/centrohipicodelcastillo.com\/inicio\/bonos-centro-hipico-del-castillo\/bonos-clases-equitacion-nivel-iniciacion-todas-las-edades\/\" title=\"Bonos para Clases de Equitaci\u00f3n Nivel Iniciaci\u00f3n para todas las edades\">Bonos para Clases de Equitaci\u00f3n Nivel Iniciaci\u00f3n para todas las edades<\/a><\/h5><\/li><\/ul><!-- .posts-grid (end) -->\n<section class=\"parallax-box \"><div class=\"parallax-content\">\n<div class=\"hero-unit \"><h1>Para tu mayor beneficio, contamos con BONOS, tanto para las 'Clases de Iniciaci\u00f3n a la Equitaci\u00f3n' como para 'Paseos por el monte'<\/h1><p>Ll\u00e1manos y te informaremos sin compromiso<\/p><div class=\"btn-align\"><a href=\"http:\/\/centrohipicodelcastillo.com\/inicio\/dolore-magna-aliquam-erat-volutpat\/vestibulum-iaculis-fusce-euismod-consequat-ante-2\/\" title=\"Leer mas\" class=\"btn btn-primary btn-large btn-primary\" target=\"_self\">Leer mas<\/a><\/div><\/div><!-- .hero-unit (end) -->\n<\/div><div data-speed=\"3\" class=\"parallax-bg\" style=\"background:url('http:\/\/centrohipicodelcastillo.com\/inicio\/wp-content\/uploads\/2018\/01\/parallax-img.jpg') no-repeat center 0; left:50%; margin-left:-1024px; width:2048px\"><\/div><\/section>\n<div class=\"row \">\n<div class=\"span6 \"><h1 style=\"text-align: center;\"><strong>Quienes somos<\/strong><\/h1>\n<p style=\"text-align: center;\">En el <strong>Centro H\u00edpico del Castillo<\/strong> llevamos mas de 20 a\u00f1os dedicados al mundo del caballo, cuidando y trabajando con y para ellos con absoluto respeto hacia este noble animal.<\/p>\n<h1 style=\"text-align: center;\">\u00a1An\u00edmate y ven a conocernos!<\/h1><\/div>\n<div class=\"span6 \"><h1 style=\"text-align: center;\"><strong>Nuestra misi\u00f3n<\/strong><\/h1>\n<p style=\"text-align: center;\">Hacer llegar a todos nuestros clientes y amigos el valor y el respeto que sentimos por los caballos, trat\u00e1ndolos con todo el cari\u00f1o. <strong>\u00a1Son parte de nuestras familias!<\/strong><\/p><\/div>\n<\/div><!-- .row (end) -->\n","protected":false},"excerpt":{"rendered":"Un lugar ideal para practicar la Equitaci\u00f3n, apto para todas las edades Ubicado en el municipio de Tacoronte, concretamente en el Barranco Las Lajas y a 5 minutos del Monte de La Esperanza, el Centro H\u00edpico del Castillo se convierte en un lugar inmejorable para la pr\u00e1ctica de la equitaci\u00f3n en pista o en disciplinas como el Raid... o para&nbsp;<a href=\"https:\/\/centrohipicodelcastillo.com\/inicio\/bonos-centro-hipico-del-castillo\/bonos-clases-equitacion-nivel-iniciacion-todas-las-edades\/\" class=\"read-more\">Seguir leyendo<\/a>","protected":false},"author":4,"featured_media":0,"parent":0,"menu_order":0,"comment_status":"open","ping_status":"closed","template":"page-home.php","meta":{"footnotes":""},"class_list":["post-203","page","type-page","status-publish","hentry","cat-39-id"],"_links":{"self":[{"href":"https:\/\/centrohipicodelcastillo.com\/inicio\/wp-json\/wp\/v2\/pages\/203","targetHints":{"allow":["GET"]}}],"collection":[{"href":"https:\/\/centrohipicodelcastillo.com\/inicio\/wp-json\/wp\/v2\/pages"}],"about":[{"href":"https:\/\/centrohipicodelcastillo.com\/inicio\/wp-json\/wp\/v2\/types\/page"}],"author":[{"embeddable":true,"href":"https:\/\/centrohipicodelcastillo.com\/inicio\/wp-json\/wp\/v2\/users\/4"}],"replies":[{"embeddable":true,"href":"https:\/\/centrohipicodelcastillo.com\/inicio\/wp-json\/wp\/v2\/comments?post=203"}],"version-history":[{"count":23,"href":"https:\/\/centrohipicodelcastillo.com\/inicio\/wp-json\/wp\/v2\/pages\/203\/revisions"}],"predecessor-version":[{"id":2247,"href":"https:\/\/centrohipicodelcastillo.com\/inicio\/wp-json\/wp\/v2\/pages\/203\/revisions\/2247"}],"wp:attachment":[{"href":"https:\/\/centrohipicodelcastillo.com\/inicio\/wp-json\/wp\/v2\/media?parent=203"}],"curies":[{"name":"wp","href":"https:\/\/api.w.org\/{rel}","templated":true}]}}